{"id":16604,"date":"2022-12-13T09:19:56","date_gmt":"2022-12-13T07:19:56","guid":{"rendered":"https:\/\/www.hiinakiirtoit.ee\/product\/90-masala-naan\/"},"modified":"2022-12-13T15:45:26","modified_gmt":"2022-12-13T13:45:26","slug":"90-masala-naan","status":"publish","type":"product","link":"https:\/\/www.hiinakiirtoit.ee\/ru\/product\/90-masala-naan\/","title":{"rendered":"90. Masala Naan"},"content":{"rendered":"<p>India leibv \u00fcrtsikakartuli- ja oa t\u00e4idisega ning k\u00fcpsetatud tandoori ahjus.<\/p>\n","protected":false},"excerpt":{"rendered":"<p>India leibv \u00fcrtsikakartuli- ja oa t\u00e4idisega ning k\u00fcpsetatud tandoori ahjus.<\/p>\n","protected":false},"featured_media":0,"comment_status":"closed","ping_status":"closed","template":"","meta":[],"product_cat":[559,655],"product_tag":[656],"_links":{"self":[{"href":"https:\/\/www.hiinakiirtoit.ee\/ru\/wp-json\/wp\/v2\/product\/16604"}],"collection":[{"href":"https:\/\/www.hiinakiirtoit.ee\/ru\/wp-json\/wp\/v2\/product"}],"about":[{"href":"https:\/\/www.hiinakiirtoit.ee\/ru\/wp-json\/wp\/v2\/types\/product"}],"replies":[{"embeddable":true,"href":"https:\/\/www.hiinakiirtoit.ee\/ru\/wp-json\/wp\/v2\/comments?post=16604"}],"wp:attachment":[{"href":"https:\/\/www.hiinakiirtoit.ee\/ru\/wp-json\/wp\/v2\/media?parent=16604"}],"wp:term":[{"taxonomy":"product_cat","embeddable":true,"href":"https:\/\/www.hiinakiirtoit.ee\/ru\/wp-json\/wp\/v2\/product_cat?post=16604"},{"taxonomy":"product_tag","embeddable":true,"href":"https:\/\/www.hiinakiirtoit.ee\/ru\/wp-json\/wp\/v2\/product_tag?post=16604"}],"curies":[{"name":"wp","href":"https:\/\/api.w.org\/{rel}","templated":true}]}}