{"id":16492,"date":"2022-12-13T09:19:48","date_gmt":"2022-12-13T07:19:48","guid":{"rendered":"https:\/\/www.hiinakiirtoit.ee\/product\/18-riis-koogiviljadega\/"},"modified":"2025-08-09T11:03:29","modified_gmt":"2025-08-09T09:03:29","slug":"18-riis-koogiviljadega","status":"publish","type":"product","link":"https:\/\/www.hiinakiirtoit.ee\/en\/product\/18-riis-koogiviljadega\/","title":{"rendered":"18. Riis k\u00f6\u00f6giviljadega"},"content":{"rendered":"<p>Riis muna ja k\u00f6\u00f6giviljadega.<\/p>\n","protected":false},"excerpt":{"rendered":"<p>Riis muna ja k\u00f6\u00f6giviljadega.<\/p>\n","protected":false},"featured_media":0,"comment_status":"closed","ping_status":"closed","template":"","meta":[],"product_cat":[535,545],"product_tag":[678],"_links":{"self":[{"href":"https:\/\/www.hiinakiirtoit.ee\/en\/wp-json\/wp\/v2\/product\/16492"}],"collection":[{"href":"https:\/\/www.hiinakiirtoit.ee\/en\/wp-json\/wp\/v2\/product"}],"about":[{"href":"https:\/\/www.hiinakiirtoit.ee\/en\/wp-json\/wp\/v2\/types\/product"}],"replies":[{"embeddable":true,"href":"https:\/\/www.hiinakiirtoit.ee\/en\/wp-json\/wp\/v2\/comments?post=16492"}],"wp:attachment":[{"href":"https:\/\/www.hiinakiirtoit.ee\/en\/wp-json\/wp\/v2\/media?parent=16492"}],"wp:term":[{"taxonomy":"product_cat","embeddable":true,"href":"https:\/\/www.hiinakiirtoit.ee\/en\/wp-json\/wp\/v2\/product_cat?post=16492"},{"taxonomy":"product_tag","embeddable":true,"href":"https:\/\/www.hiinakiirtoit.ee\/en\/wp-json\/wp\/v2\/product_tag?post=16492"}],"curies":[{"name":"wp","href":"https:\/\/api.w.org\/{rel}","templated":true}]}}