{"id":16472,"date":"2022-12-13T09:19:48","date_gmt":"2022-12-13T07:19:48","guid":{"rendered":"https:\/\/www.hiinakiirtoit.ee\/product\/13-terav-mereannisupp\/"},"modified":"2025-08-09T11:02:48","modified_gmt":"2025-08-09T09:02:48","slug":"13-terav-mereannisupp","status":"publish","type":"product","link":"https:\/\/www.hiinakiirtoit.ee\/en\/product\/13-terav-mereannisupp\/","title":{"rendered":"13. Terav mereannisupp  \ud83c\udf36"},"content":{"rendered":"<p>V\u00fcrtsikas supp k\u00f6\u00f6giviljade ja mereandidega.<\/p>\n","protected":false},"excerpt":{"rendered":"<p>V\u00fcrtsikas supp k\u00f6\u00f6giviljade ja mereandidega.<\/p>\n","protected":false},"featured_media":15603,"comment_status":"closed","ping_status":"closed","template":"","meta":[],"product_cat":[535,556],"product_tag":[645],"_links":{"self":[{"href":"https:\/\/www.hiinakiirtoit.ee\/en\/wp-json\/wp\/v2\/product\/16472"}],"collection":[{"href":"https:\/\/www.hiinakiirtoit.ee\/en\/wp-json\/wp\/v2\/product"}],"about":[{"href":"https:\/\/www.hiinakiirtoit.ee\/en\/wp-json\/wp\/v2\/types\/product"}],"replies":[{"embeddable":true,"href":"https:\/\/www.hiinakiirtoit.ee\/en\/wp-json\/wp\/v2\/comments?post=16472"}],"wp:featuredmedia":[{"embeddable":true,"href":"https:\/\/www.hiinakiirtoit.ee\/en\/wp-json\/wp\/v2\/media\/15603"}],"wp:attachment":[{"href":"https:\/\/www.hiinakiirtoit.ee\/en\/wp-json\/wp\/v2\/media?parent=16472"}],"wp:term":[{"taxonomy":"product_cat","embeddable":true,"href":"https:\/\/www.hiinakiirtoit.ee\/en\/wp-json\/wp\/v2\/product_cat?post=16472"},{"taxonomy":"product_tag","embeddable":true,"href":"https:\/\/www.hiinakiirtoit.ee\/en\/wp-json\/wp\/v2\/product_tag?post=16472"}],"curies":[{"name":"wp","href":"https:\/\/api.w.org\/{rel}","templated":true}]}}