{"id":16471,"date":"2022-12-13T09:19:48","date_gmt":"2022-12-13T07:19:48","guid":{"rendered":"https:\/\/www.hiinakiirtoit.ee\/product\/2-kevadrullid-kanalihaga\/"},"modified":"2025-08-09T11:01:14","modified_gmt":"2025-08-09T09:01:14","slug":"2-kevadrullid-kanalihaga","status":"publish","type":"product","link":"https:\/\/www.hiinakiirtoit.ee\/en\/product\/2-kevadrullid-kanalihaga\/","title":{"rendered":"2. Kevadrullid kanalihaga"},"content":{"rendered":"<p>Kr\u00f5bedaks k\u00fcpsetatud ning pannkoogi sisse keeratud k\u00f6\u00f6giviljad kanaga, terava- v\u00f5i magushapu kastmega.<\/p>\n","protected":false},"excerpt":{"rendered":"<p>Kr\u00f5bedaks k\u00fcpsetatud ning<\/p>\n","protected":false},"featured_media":15693,"comment_status":"closed","ping_status":"closed","template":"","meta":[],"product_cat":[535,537,818],"product_tag":[794],"_links":{"self":[{"href":"https:\/\/www.hiinakiirtoit.ee\/en\/wp-json\/wp\/v2\/product\/16471"}],"collection":[{"href":"https:\/\/www.hiinakiirtoit.ee\/en\/wp-json\/wp\/v2\/product"}],"about":[{"href":"https:\/\/www.hiinakiirtoit.ee\/en\/wp-json\/wp\/v2\/types\/product"}],"replies":[{"embeddable":true,"href":"https:\/\/www.hiinakiirtoit.ee\/en\/wp-json\/wp\/v2\/comments?post=16471"}],"wp:featuredmedia":[{"embeddable":true,"href":"https:\/\/www.hiinakiirtoit.ee\/en\/wp-json\/wp\/v2\/media\/15693"}],"wp:attachment":[{"href":"https:\/\/www.hiinakiirtoit.ee\/en\/wp-json\/wp\/v2\/media?parent=16471"}],"wp:term":[{"taxonomy":"product_cat","embeddable":true,"href":"https:\/\/www.hiinakiirtoit.ee\/en\/wp-json\/wp\/v2\/product_cat?post=16471"},{"taxonomy":"product_tag","embeddable":true,"href":"https:\/\/www.hiinakiirtoit.ee\/en\/wp-json\/wp\/v2\/product_tag?post=16471"}],"curies":[{"name":"wp","href":"https:\/\/api.w.org\/{rel}","templated":true}]}}