{"id":16461,"date":"2022-12-13T09:19:48","date_gmt":"2022-12-13T07:19:48","guid":{"rendered":"https:\/\/www.hiinakiirtoit.ee\/product\/9-koogivilja-salat\/"},"modified":"2025-08-09T11:02:14","modified_gmt":"2025-08-09T09:02:14","slug":"9-koogivilja-salat","status":"publish","type":"product","link":"https:\/\/www.hiinakiirtoit.ee\/en\/product\/9-koogivilja-salat\/","title":{"rendered":"9. K\u00f6\u00f6givilja salat"},"content":{"rendered":"<p>Hiina v\u00fcrtsidega segatud salat hiinakapsa, kurgi, tomatite ja porruga.<\/p>\n","protected":false},"excerpt":{"rendered":"<p>Hiina v\u00fcrtsidega segatud salat hiinakapsa, kurgi, tomatite ja porruga.<\/p>\n","protected":false},"featured_media":0,"comment_status":"closed","ping_status":"closed","template":"","meta":[],"product_cat":[535,549],"product_tag":[644],"_links":{"self":[{"href":"https:\/\/www.hiinakiirtoit.ee\/en\/wp-json\/wp\/v2\/product\/16461"}],"collection":[{"href":"https:\/\/www.hiinakiirtoit.ee\/en\/wp-json\/wp\/v2\/product"}],"about":[{"href":"https:\/\/www.hiinakiirtoit.ee\/en\/wp-json\/wp\/v2\/types\/product"}],"replies":[{"embeddable":true,"href":"https:\/\/www.hiinakiirtoit.ee\/en\/wp-json\/wp\/v2\/comments?post=16461"}],"wp:attachment":[{"href":"https:\/\/www.hiinakiirtoit.ee\/en\/wp-json\/wp\/v2\/media?parent=16461"}],"wp:term":[{"taxonomy":"product_cat","embeddable":true,"href":"https:\/\/www.hiinakiirtoit.ee\/en\/wp-json\/wp\/v2\/product_cat?post=16461"},{"taxonomy":"product_tag","embeddable":true,"href":"https:\/\/www.hiinakiirtoit.ee\/en\/wp-json\/wp\/v2\/product_tag?post=16461"}],"curies":[{"name":"wp","href":"https:\/\/api.w.org\/{rel}","templated":true}]}}