{"id":16459,"date":"2022-12-13T09:19:48","date_gmt":"2022-12-13T07:19:48","guid":{"rendered":"https:\/\/www.hiinakiirtoit.ee\/product\/11-chow-king-supp\/"},"modified":"2025-08-09T11:02:26","modified_gmt":"2025-08-09T09:02:26","slug":"11-chow-king-supp","status":"publish","type":"product","link":"https:\/\/www.hiinakiirtoit.ee\/en\/product\/11-chow-king-supp\/","title":{"rendered":"11. Chow King supp"},"content":{"rendered":"<p>Erinevatest lihasortidest ja v\u00e4rsketest k\u00f6\u00f6giviljadest koosnev supp.<\/p>\n","protected":false},"excerpt":{"rendered":"<p>Erinevatest lihasortidest ja v\u00e4rsketest k\u00f6\u00f6giviljadest koosnev supp.<\/p>\n","protected":false},"featured_media":15603,"comment_status":"closed","ping_status":"closed","template":"","meta":[],"product_cat":[535,556],"product_tag":[786],"_links":{"self":[{"href":"https:\/\/www.hiinakiirtoit.ee\/en\/wp-json\/wp\/v2\/product\/16459"}],"collection":[{"href":"https:\/\/www.hiinakiirtoit.ee\/en\/wp-json\/wp\/v2\/product"}],"about":[{"href":"https:\/\/www.hiinakiirtoit.ee\/en\/wp-json\/wp\/v2\/types\/product"}],"replies":[{"embeddable":true,"href":"https:\/\/www.hiinakiirtoit.ee\/en\/wp-json\/wp\/v2\/comments?post=16459"}],"wp:featuredmedia":[{"embeddable":true,"href":"https:\/\/www.hiinakiirtoit.ee\/en\/wp-json\/wp\/v2\/media\/15603"}],"wp:attachment":[{"href":"https:\/\/www.hiinakiirtoit.ee\/en\/wp-json\/wp\/v2\/media?parent=16459"}],"wp:term":[{"taxonomy":"product_cat","embeddable":true,"href":"https:\/\/www.hiinakiirtoit.ee\/en\/wp-json\/wp\/v2\/product_cat?post=16459"},{"taxonomy":"product_tag","embeddable":true,"href":"https:\/\/www.hiinakiirtoit.ee\/en\/wp-json\/wp\/v2\/product_tag?post=16459"}],"curies":[{"name":"wp","href":"https:\/\/api.w.org\/{rel}","templated":true}]}}