{"id":16449,"date":"2022-12-13T09:19:51","date_gmt":"2022-12-13T07:19:51","guid":{"rendered":"https:\/\/www.hiinakiirtoit.ee\/product\/46-chow-king-sealiha-rajak\/"},"modified":"2025-08-09T10:54:27","modified_gmt":"2025-08-09T08:54:27","slug":"46-chow-king-sealiha-rajak","status":"publish","type":"product","link":"https:\/\/www.hiinakiirtoit.ee\/en\/product\/46-chow-king-sealiha-rajak\/","title":{"rendered":"46. Chow King sealiha (Rajak)  \ud83c\udf36"},"content":{"rendered":"<p>Singapuristiilisteravaskookosekastmesk\u00fcpsetatudmarineeritud<br \/>\nsealihat\u00fckidaed- ning k\u00f6\u00f6giviljadega.<\/p>\n","protected":false},"excerpt":{"rendered":"<p>Singapuristiilisteravaskookosekastmesk\u00fcpsetatudmarineeritud sealihat\u00fckidaed- ning k\u00f6\u00f6giviljadega.<\/p>\n","protected":false},"featured_media":0,"comment_status":"closed","ping_status":"closed","template":"","meta":[],"product_cat":[535,552],"product_tag":[778],"_links":{"self":[{"href":"https:\/\/www.hiinakiirtoit.ee\/en\/wp-json\/wp\/v2\/product\/16449"}],"collection":[{"href":"https:\/\/www.hiinakiirtoit.ee\/en\/wp-json\/wp\/v2\/product"}],"about":[{"href":"https:\/\/www.hiinakiirtoit.ee\/en\/wp-json\/wp\/v2\/types\/product"}],"replies":[{"embeddable":true,"href":"https:\/\/www.hiinakiirtoit.ee\/en\/wp-json\/wp\/v2\/comments?post=16449"}],"wp:attachment":[{"href":"https:\/\/www.hiinakiirtoit.ee\/en\/wp-json\/wp\/v2\/media?parent=16449"}],"wp:term":[{"taxonomy":"product_cat","embeddable":true,"href":"https:\/\/www.hiinakiirtoit.ee\/en\/wp-json\/wp\/v2\/product_cat?post=16449"},{"taxonomy":"product_tag","embeddable":true,"href":"https:\/\/www.hiinakiirtoit.ee\/en\/wp-json\/wp\/v2\/product_tag?post=16449"}],"curies":[{"name":"wp","href":"https:\/\/api.w.org\/{rel}","templated":true}]}}