{"id":16446,"date":"2022-12-13T09:19:51","date_gmt":"2022-12-13T07:19:51","guid":{"rendered":"https:\/\/www.hiinakiirtoit.ee\/product\/47-kuuslaugu-sealiha\/"},"modified":"2025-08-09T10:54:12","modified_gmt":"2025-08-09T08:54:12","slug":"47-kuuslaugu-sealiha","status":"publish","type":"product","link":"https:\/\/www.hiinakiirtoit.ee\/en\/product\/47-kuuslaugu-sealiha\/","title":{"rendered":"47. K\u00fc\u00fcslaugu sealiha  \ud83c\udf36"},"content":{"rendered":"<p>\u00d5rnalt k\u00fcpsetatud sealihaviilud pikantses kastmes, serveeritud tilga<br \/>\nterava pipra\u00f5liga.<\/p>\n","protected":false},"excerpt":{"rendered":"<p>\u00d5rnalt k\u00fcpsetatud sealihaviilud pikantses kastmes, serveeritud tilga terava pipra\u00f5liga.<\/p>\n","protected":false},"featured_media":0,"comment_status":"closed","ping_status":"closed","template":"","meta":[],"product_cat":[535,552],"product_tag":[647],"_links":{"self":[{"href":"https:\/\/www.hiinakiirtoit.ee\/en\/wp-json\/wp\/v2\/product\/16446"}],"collection":[{"href":"https:\/\/www.hiinakiirtoit.ee\/en\/wp-json\/wp\/v2\/product"}],"about":[{"href":"https:\/\/www.hiinakiirtoit.ee\/en\/wp-json\/wp\/v2\/types\/product"}],"replies":[{"embeddable":true,"href":"https:\/\/www.hiinakiirtoit.ee\/en\/wp-json\/wp\/v2\/comments?post=16446"}],"wp:attachment":[{"href":"https:\/\/www.hiinakiirtoit.ee\/en\/wp-json\/wp\/v2\/media?parent=16446"}],"wp:term":[{"taxonomy":"product_cat","embeddable":true,"href":"https:\/\/www.hiinakiirtoit.ee\/en\/wp-json\/wp\/v2\/product_cat?post=16446"},{"taxonomy":"product_tag","embeddable":true,"href":"https:\/\/www.hiinakiirtoit.ee\/en\/wp-json\/wp\/v2\/product_tag?post=16446"}],"curies":[{"name":"wp","href":"https:\/\/api.w.org\/{rel}","templated":true}]}}