{"id":16439,"date":"2022-12-13T09:19:51","date_gmt":"2022-12-13T07:19:51","guid":{"rendered":"https:\/\/www.hiinakiirtoit.ee\/product\/52-krobe-loomaliha\/"},"modified":"2025-08-09T10:55:26","modified_gmt":"2025-08-09T08:55:26","slug":"52-krobe-loomaliha","status":"publish","type":"product","link":"https:\/\/www.hiinakiirtoit.ee\/en\/product\/52-krobe-loomaliha\/","title":{"rendered":"52. Kr\u00f5be loomaliha  \ud83c\udf36"},"content":{"rendered":"<p>Teravas k\u00fc\u00fcslaugukastmes kr\u00f5bedaks k\u00fcpsetatud loomaliha<br \/>\nporgandi, sibula ja porruga.<\/p>\n","protected":false},"excerpt":{"rendered":"<p>Teravas k\u00fc\u00fcslaugukastmes kr\u00f5bedaks k\u00fcpsetatud loomaliha porgandi, sibula ja porruga.<\/p>\n","protected":false},"featured_media":0,"comment_status":"closed","ping_status":"closed","template":"","meta":[],"product_cat":[535,553],"product_tag":[650],"_links":{"self":[{"href":"https:\/\/www.hiinakiirtoit.ee\/en\/wp-json\/wp\/v2\/product\/16439"}],"collection":[{"href":"https:\/\/www.hiinakiirtoit.ee\/en\/wp-json\/wp\/v2\/product"}],"about":[{"href":"https:\/\/www.hiinakiirtoit.ee\/en\/wp-json\/wp\/v2\/types\/product"}],"replies":[{"embeddable":true,"href":"https:\/\/www.hiinakiirtoit.ee\/en\/wp-json\/wp\/v2\/comments?post=16439"}],"wp:attachment":[{"href":"https:\/\/www.hiinakiirtoit.ee\/en\/wp-json\/wp\/v2\/media?parent=16439"}],"wp:term":[{"taxonomy":"product_cat","embeddable":true,"href":"https:\/\/www.hiinakiirtoit.ee\/en\/wp-json\/wp\/v2\/product_cat?post=16439"},{"taxonomy":"product_tag","embeddable":true,"href":"https:\/\/www.hiinakiirtoit.ee\/en\/wp-json\/wp\/v2\/product_tag?post=16439"}],"curies":[{"name":"wp","href":"https:\/\/api.w.org\/{rel}","templated":true}]}}