{"id":16421,"date":"2022-12-13T09:19:51","date_gmt":"2022-12-13T07:19:51","guid":{"rendered":"https:\/\/www.hiinakiirtoit.ee\/product\/29-riisinuudlid-singapuri-stiilis\/"},"modified":"2025-08-09T10:56:56","modified_gmt":"2025-08-09T08:56:56","slug":"29-riisinuudlid-singapuri-stiilis","status":"publish","type":"product","link":"https:\/\/www.hiinakiirtoit.ee\/en\/product\/29-riisinuudlid-singapuri-stiilis\/","title":{"rendered":"29. Riisinuudlid Singapuri stiilis  \ud83c\udf36"},"content":{"rendered":"<p>Riisinuudlid kanaliha, krevettide, k\u00f6\u00f6giviljade, muna, t\u0161illi ja karri\u00f5liga.<\/p>\n","protected":false},"excerpt":{"rendered":"<p>Riisinuudlid kanaliha, krevettide, k\u00f6\u00f6giviljade, muna, t\u0161illi ja karri\u00f5liga.<\/p>\n","protected":false},"featured_media":15954,"comment_status":"closed","ping_status":"closed","template":"","meta":[],"product_cat":[535,545],"product_tag":[676],"_links":{"self":[{"href":"https:\/\/www.hiinakiirtoit.ee\/en\/wp-json\/wp\/v2\/product\/16421"}],"collection":[{"href":"https:\/\/www.hiinakiirtoit.ee\/en\/wp-json\/wp\/v2\/product"}],"about":[{"href":"https:\/\/www.hiinakiirtoit.ee\/en\/wp-json\/wp\/v2\/types\/product"}],"replies":[{"embeddable":true,"href":"https:\/\/www.hiinakiirtoit.ee\/en\/wp-json\/wp\/v2\/comments?post=16421"}],"wp:featuredmedia":[{"embeddable":true,"href":"https:\/\/www.hiinakiirtoit.ee\/en\/wp-json\/wp\/v2\/media\/15954"}],"wp:attachment":[{"href":"https:\/\/www.hiinakiirtoit.ee\/en\/wp-json\/wp\/v2\/media?parent=16421"}],"wp:term":[{"taxonomy":"product_cat","embeddable":true,"href":"https:\/\/www.hiinakiirtoit.ee\/en\/wp-json\/wp\/v2\/product_cat?post=16421"},{"taxonomy":"product_tag","embeddable":true,"href":"https:\/\/www.hiinakiirtoit.ee\/en\/wp-json\/wp\/v2\/product_tag?post=16421"}],"curies":[{"name":"wp","href":"https:\/\/api.w.org\/{rel}","templated":true}]}}