{"id":16414,"date":"2022-12-13T09:19:54","date_gmt":"2022-12-13T07:19:54","guid":{"rendered":"https:\/\/www.hiinakiirtoit.ee\/product\/69-vegetable-biryani\/"},"modified":"2025-08-09T10:36:05","modified_gmt":"2025-08-09T08:36:05","slug":"69-vegetable-biryani","status":"publish","type":"product","link":"https:\/\/www.hiinakiirtoit.ee\/en\/product\/69-vegetable-biryani\/","title":{"rendered":"69. Vegetable Biryani  \ud83c\udf36"},"content":{"rendered":"<p>Riis k\u00f6\u00f6giviljade, ingveri, k\u00fc\u00fcslaugu ja India v\u00fcrtsidega.<\/p>\n","protected":false},"excerpt":{"rendered":"<p>Riis k\u00f6\u00f6giviljade, ingveri, k\u00fc\u00fcslaugu ja India v\u00fcrtsidega.<\/p>\n","protected":false},"featured_media":15690,"comment_status":"closed","ping_status":"closed","template":"","meta":[],"product_cat":[560,573],"product_tag":[751],"_links":{"self":[{"href":"https:\/\/www.hiinakiirtoit.ee\/en\/wp-json\/wp\/v2\/product\/16414"}],"collection":[{"href":"https:\/\/www.hiinakiirtoit.ee\/en\/wp-json\/wp\/v2\/product"}],"about":[{"href":"https:\/\/www.hiinakiirtoit.ee\/en\/wp-json\/wp\/v2\/types\/product"}],"replies":[{"embeddable":true,"href":"https:\/\/www.hiinakiirtoit.ee\/en\/wp-json\/wp\/v2\/comments?post=16414"}],"wp:featuredmedia":[{"embeddable":true,"href":"https:\/\/www.hiinakiirtoit.ee\/en\/wp-json\/wp\/v2\/media\/15690"}],"wp:attachment":[{"href":"https:\/\/www.hiinakiirtoit.ee\/en\/wp-json\/wp\/v2\/media?parent=16414"}],"wp:term":[{"taxonomy":"product_cat","embeddable":true,"href":"https:\/\/www.hiinakiirtoit.ee\/en\/wp-json\/wp\/v2\/product_cat?post=16414"},{"taxonomy":"product_tag","embeddable":true,"href":"https:\/\/www.hiinakiirtoit.ee\/en\/wp-json\/wp\/v2\/product_tag?post=16414"}],"curies":[{"name":"wp","href":"https:\/\/api.w.org\/{rel}","templated":true}]}}