{"id":16412,"date":"2022-12-13T09:19:54","date_gmt":"2022-12-13T07:19:54","guid":{"rendered":"https:\/\/www.hiinakiirtoit.ee\/product\/70-chicken-biryani\/"},"modified":"2025-08-09T10:36:16","modified_gmt":"2025-08-09T08:36:16","slug":"70-chicken-biryani","status":"publish","type":"product","link":"https:\/\/www.hiinakiirtoit.ee\/en\/product\/70-chicken-biryani\/","title":{"rendered":"70. Chicken Biryani  \ud83c\udf36"},"content":{"rendered":"<p>Riis kana, tomati, sibula, ingveri, k\u00fc\u00fcslaugu ja India v\u00fcrtsidega.<\/p>\n","protected":false},"excerpt":{"rendered":"<p>Riis kana, tomati, sibula, ingveri, k\u00fc\u00fcslaugu ja India v\u00fcrtsidega.<\/p>\n","protected":false},"featured_media":15669,"comment_status":"closed","ping_status":"closed","template":"","meta":[],"product_cat":[560,573],"product_tag":[749],"_links":{"self":[{"href":"https:\/\/www.hiinakiirtoit.ee\/en\/wp-json\/wp\/v2\/product\/16412"}],"collection":[{"href":"https:\/\/www.hiinakiirtoit.ee\/en\/wp-json\/wp\/v2\/product"}],"about":[{"href":"https:\/\/www.hiinakiirtoit.ee\/en\/wp-json\/wp\/v2\/types\/product"}],"replies":[{"embeddable":true,"href":"https:\/\/www.hiinakiirtoit.ee\/en\/wp-json\/wp\/v2\/comments?post=16412"}],"wp:featuredmedia":[{"embeddable":true,"href":"https:\/\/www.hiinakiirtoit.ee\/en\/wp-json\/wp\/v2\/media\/15669"}],"wp:attachment":[{"href":"https:\/\/www.hiinakiirtoit.ee\/en\/wp-json\/wp\/v2\/media?parent=16412"}],"wp:term":[{"taxonomy":"product_cat","embeddable":true,"href":"https:\/\/www.hiinakiirtoit.ee\/en\/wp-json\/wp\/v2\/product_cat?post=16412"},{"taxonomy":"product_tag","embeddable":true,"href":"https:\/\/www.hiinakiirtoit.ee\/en\/wp-json\/wp\/v2\/product_tag?post=16412"}],"curies":[{"name":"wp","href":"https:\/\/api.w.org\/{rel}","templated":true}]}}