{"id":16406,"date":"2022-12-13T09:19:54","date_gmt":"2022-12-13T07:19:54","guid":{"rendered":"https:\/\/www.hiinakiirtoit.ee\/product\/77-lamb-masala\/"},"modified":"2025-08-09T10:29:30","modified_gmt":"2025-08-09T08:29:30","slug":"77-lamb-masala","status":"publish","type":"product","link":"https:\/\/www.hiinakiirtoit.ee\/en\/product\/77-lamb-masala\/","title":{"rendered":"77. Lamb Masala  \ud83c\udf36"},"content":{"rendered":"<p>K\u00fcpsetatud lambalihat\u00fckid kreemjalt kooreses tomati-v\u00f5ikastmes koos v\u00fcrtside ning \u00fcrtidega. Aurutatud riisiga.<\/p>\n","protected":false},"excerpt":{"rendered":"<p>K\u00fcpsetatud lambalihat\u00fckid kreemjalt kooreses tomati-v\u00f5ikastmes koos v\u00fcrtside ning \u00fcrtidega. Aurutatud riisiga.<\/p>\n","protected":false},"featured_media":0,"comment_status":"closed","ping_status":"closed","template":"","meta":[],"product_cat":[560,577],"product_tag":[745],"_links":{"self":[{"href":"https:\/\/www.hiinakiirtoit.ee\/en\/wp-json\/wp\/v2\/product\/16406"}],"collection":[{"href":"https:\/\/www.hiinakiirtoit.ee\/en\/wp-json\/wp\/v2\/product"}],"about":[{"href":"https:\/\/www.hiinakiirtoit.ee\/en\/wp-json\/wp\/v2\/types\/product"}],"replies":[{"embeddable":true,"href":"https:\/\/www.hiinakiirtoit.ee\/en\/wp-json\/wp\/v2\/comments?post=16406"}],"wp:attachment":[{"href":"https:\/\/www.hiinakiirtoit.ee\/en\/wp-json\/wp\/v2\/media?parent=16406"}],"wp:term":[{"taxonomy":"product_cat","embeddable":true,"href":"https:\/\/www.hiinakiirtoit.ee\/en\/wp-json\/wp\/v2\/product_cat?post=16406"},{"taxonomy":"product_tag","embeddable":true,"href":"https:\/\/www.hiinakiirtoit.ee\/en\/wp-json\/wp\/v2\/product_tag?post=16406"}],"curies":[{"name":"wp","href":"https:\/\/api.w.org\/{rel}","templated":true}]}}