{"id":16402,"date":"2022-12-13T09:19:54","date_gmt":"2022-12-13T07:19:54","guid":{"rendered":"https:\/\/www.hiinakiirtoit.ee\/product\/79-fish-curry\/"},"modified":"2025-08-09T10:33:14","modified_gmt":"2025-08-09T08:33:14","slug":"79-fish-curry","status":"publish","type":"product","link":"https:\/\/www.hiinakiirtoit.ee\/en\/product\/79-fish-curry\/","title":{"rendered":"79. Fish Curry  \ud83c\udf36"},"content":{"rendered":"<p>Karri kastmes l\u00e4biimmutatud l\u00f5hefilee t\u00fckid. Aurutatud riisiga.<\/p>\n","protected":false},"excerpt":{"rendered":"<p>Karri kastmes l\u00e4biimmutatud l\u00f5hefilee t\u00fckid. Aurutatud riisiga.<\/p>\n","protected":false},"featured_media":0,"comment_status":"closed","ping_status":"closed","template":"","meta":[],"product_cat":[560,575],"product_tag":[741],"_links":{"self":[{"href":"https:\/\/www.hiinakiirtoit.ee\/en\/wp-json\/wp\/v2\/product\/16402"}],"collection":[{"href":"https:\/\/www.hiinakiirtoit.ee\/en\/wp-json\/wp\/v2\/product"}],"about":[{"href":"https:\/\/www.hiinakiirtoit.ee\/en\/wp-json\/wp\/v2\/types\/product"}],"replies":[{"embeddable":true,"href":"https:\/\/www.hiinakiirtoit.ee\/en\/wp-json\/wp\/v2\/comments?post=16402"}],"wp:attachment":[{"href":"https:\/\/www.hiinakiirtoit.ee\/en\/wp-json\/wp\/v2\/media?parent=16402"}],"wp:term":[{"taxonomy":"product_cat","embeddable":true,"href":"https:\/\/www.hiinakiirtoit.ee\/en\/wp-json\/wp\/v2\/product_cat?post=16402"},{"taxonomy":"product_tag","embeddable":true,"href":"https:\/\/www.hiinakiirtoit.ee\/en\/wp-json\/wp\/v2\/product_tag?post=16402"}],"curies":[{"name":"wp","href":"https:\/\/api.w.org\/{rel}","templated":true}]}}