{"id":16401,"date":"2022-12-13T09:19:54","date_gmt":"2022-12-13T07:19:54","guid":{"rendered":"https:\/\/www.hiinakiirtoit.ee\/product\/66-praetud-tofu-teravas-maapahklikastmes\/"},"modified":"2025-08-09T10:35:51","modified_gmt":"2025-08-09T08:35:51","slug":"66-praetud-tofu-teravas-maapahklikastmes","status":"publish","type":"product","link":"https:\/\/www.hiinakiirtoit.ee\/en\/product\/66-praetud-tofu-teravas-maapahklikastmes\/","title":{"rendered":"66. Praetud tofu teravas maap\u00e4hklikastmes"},"content":{"rendered":"<p>\u00d5rnalt praetud tofukuubikud kergelt v\u00fcrtsises maap\u00e4hklikastmes.<\/p>\n","protected":false},"excerpt":{"rendered":"<p>\u00d5rnalt praetud tofukuubikud kergelt v\u00fcrtsises maap\u00e4hklikastmes.<\/p>\n","protected":false},"featured_media":15684,"comment_status":"closed","ping_status":"closed","template":"","meta":[],"product_cat":[535,557],"product_tag":[740],"_links":{"self":[{"href":"https:\/\/www.hiinakiirtoit.ee\/en\/wp-json\/wp\/v2\/product\/16401"}],"collection":[{"href":"https:\/\/www.hiinakiirtoit.ee\/en\/wp-json\/wp\/v2\/product"}],"about":[{"href":"https:\/\/www.hiinakiirtoit.ee\/en\/wp-json\/wp\/v2\/types\/product"}],"replies":[{"embeddable":true,"href":"https:\/\/www.hiinakiirtoit.ee\/en\/wp-json\/wp\/v2\/comments?post=16401"}],"wp:featuredmedia":[{"embeddable":true,"href":"https:\/\/www.hiinakiirtoit.ee\/en\/wp-json\/wp\/v2\/media\/15684"}],"wp:attachment":[{"href":"https:\/\/www.hiinakiirtoit.ee\/en\/wp-json\/wp\/v2\/media?parent=16401"}],"wp:term":[{"taxonomy":"product_cat","embeddable":true,"href":"https:\/\/www.hiinakiirtoit.ee\/en\/wp-json\/wp\/v2\/product_cat?post=16401"},{"taxonomy":"product_tag","embeddable":true,"href":"https:\/\/www.hiinakiirtoit.ee\/en\/wp-json\/wp\/v2\/product_tag?post=16401"}],"curies":[{"name":"wp","href":"https:\/\/api.w.org\/{rel}","templated":true}]}}