{"id":16399,"date":"2022-12-13T09:19:54","date_gmt":"2022-12-13T07:19:54","guid":{"rendered":"https:\/\/www.hiinakiirtoit.ee\/product\/65-kung-pao-tofu\/"},"modified":"2025-08-09T10:35:38","modified_gmt":"2025-08-09T08:35:38","slug":"65-kung-pao-tofu","status":"publish","type":"product","link":"https:\/\/www.hiinakiirtoit.ee\/en\/product\/65-kung-pao-tofu\/","title":{"rendered":"65. Kung Pao Tofu  \ud83c\udf36"},"content":{"rendered":"<p>Szechuani Kung Pao-kastmes k\u00fcpsetatud tofukuubikud koos kaunherneste, paprika, maap\u00e4hklite ja punase t\u0161illiga.<\/p>\n","protected":false},"excerpt":{"rendered":"<p>Szechuani Kung Pao-kastmes k\u00fcpsetatud tofukuubikud koos kaunherneste, paprika, maap\u00e4hklite ja punase t\u0161illiga.<\/p>\n","protected":false},"featured_media":0,"comment_status":"closed","ping_status":"closed","template":"","meta":[],"product_cat":[535,557],"product_tag":[738],"_links":{"self":[{"href":"https:\/\/www.hiinakiirtoit.ee\/en\/wp-json\/wp\/v2\/product\/16399"}],"collection":[{"href":"https:\/\/www.hiinakiirtoit.ee\/en\/wp-json\/wp\/v2\/product"}],"about":[{"href":"https:\/\/www.hiinakiirtoit.ee\/en\/wp-json\/wp\/v2\/types\/product"}],"replies":[{"embeddable":true,"href":"https:\/\/www.hiinakiirtoit.ee\/en\/wp-json\/wp\/v2\/comments?post=16399"}],"wp:attachment":[{"href":"https:\/\/www.hiinakiirtoit.ee\/en\/wp-json\/wp\/v2\/media?parent=16399"}],"wp:term":[{"taxonomy":"product_cat","embeddable":true,"href":"https:\/\/www.hiinakiirtoit.ee\/en\/wp-json\/wp\/v2\/product_cat?post=16399"},{"taxonomy":"product_tag","embeddable":true,"href":"https:\/\/www.hiinakiirtoit.ee\/en\/wp-json\/wp\/v2\/product_tag?post=16399"}],"curies":[{"name":"wp","href":"https:\/\/api.w.org\/{rel}","templated":true}]}}