{"id":16394,"date":"2022-12-13T09:19:54","date_gmt":"2022-12-13T07:19:54","guid":{"rendered":"https:\/\/www.hiinakiirtoit.ee\/product\/63-terav-kuuslaugutofu\/"},"modified":"2025-08-09T10:35:17","modified_gmt":"2025-08-09T08:35:17","slug":"63-terav-kuuslaugutofu","status":"publish","type":"product","link":"https:\/\/www.hiinakiirtoit.ee\/en\/product\/63-terav-kuuslaugutofu\/","title":{"rendered":"63. Terav k\u00fc\u00fcslaugutofu  \ud83c\udf36"},"content":{"rendered":"<p>Sibula, paprika ja k\u00fc\u00fcslauguga k\u00fcpsetatud tofu.<\/p>\n","protected":false},"excerpt":{"rendered":"<p>Sibula, paprika ja k\u00fc\u00fcslauguga k\u00fcpsetatud tofu.<\/p>\n","protected":false},"featured_media":0,"comment_status":"closed","ping_status":"closed","template":"","meta":[],"product_cat":[535,557],"product_tag":[733],"_links":{"self":[{"href":"https:\/\/www.hiinakiirtoit.ee\/en\/wp-json\/wp\/v2\/product\/16394"}],"collection":[{"href":"https:\/\/www.hiinakiirtoit.ee\/en\/wp-json\/wp\/v2\/product"}],"about":[{"href":"https:\/\/www.hiinakiirtoit.ee\/en\/wp-json\/wp\/v2\/types\/product"}],"replies":[{"embeddable":true,"href":"https:\/\/www.hiinakiirtoit.ee\/en\/wp-json\/wp\/v2\/comments?post=16394"}],"wp:attachment":[{"href":"https:\/\/www.hiinakiirtoit.ee\/en\/wp-json\/wp\/v2\/media?parent=16394"}],"wp:term":[{"taxonomy":"product_cat","embeddable":true,"href":"https:\/\/www.hiinakiirtoit.ee\/en\/wp-json\/wp\/v2\/product_cat?post=16394"},{"taxonomy":"product_tag","embeddable":true,"href":"https:\/\/www.hiinakiirtoit.ee\/en\/wp-json\/wp\/v2\/product_tag?post=16394"}],"curies":[{"name":"wp","href":"https:\/\/api.w.org\/{rel}","templated":true}]}}