{"id":16392,"date":"2022-12-13T09:19:54","date_gmt":"2022-12-13T07:19:54","guid":{"rendered":"https:\/\/www.hiinakiirtoit.ee\/product\/62-magus-ja-vurtsikasbaklazaan\/"},"modified":"2025-08-09T10:28:55","modified_gmt":"2025-08-09T08:28:55","slug":"62-magus-ja-vurtsikasbaklazaan","status":"publish","type":"product","link":"https:\/\/www.hiinakiirtoit.ee\/en\/product\/62-magus-ja-vurtsikasbaklazaan\/","title":{"rendered":"62. Magus ja v\u00fcrtsikasbakla\u017eaan  \ud83c\udf36"},"content":{"rendered":"<p>Sibula ja paprikaga k\u00fcpsetatud bakla\u017eaan magusas t\u0161illikastmes.<\/p>\n","protected":false},"excerpt":{"rendered":"<p>Sibula ja paprikaga k\u00fcpsetatud bakla\u017eaan magusas t\u0161illikastmes.<\/p>\n","protected":false},"featured_media":0,"comment_status":"closed","ping_status":"closed","template":"","meta":[],"product_cat":[535,557],"product_tag":[731],"_links":{"self":[{"href":"https:\/\/www.hiinakiirtoit.ee\/en\/wp-json\/wp\/v2\/product\/16392"}],"collection":[{"href":"https:\/\/www.hiinakiirtoit.ee\/en\/wp-json\/wp\/v2\/product"}],"about":[{"href":"https:\/\/www.hiinakiirtoit.ee\/en\/wp-json\/wp\/v2\/types\/product"}],"replies":[{"embeddable":true,"href":"https:\/\/www.hiinakiirtoit.ee\/en\/wp-json\/wp\/v2\/comments?post=16392"}],"wp:attachment":[{"href":"https:\/\/www.hiinakiirtoit.ee\/en\/wp-json\/wp\/v2\/media?parent=16392"}],"wp:term":[{"taxonomy":"product_cat","embeddable":true,"href":"https:\/\/www.hiinakiirtoit.ee\/en\/wp-json\/wp\/v2\/product_cat?post=16392"},{"taxonomy":"product_tag","embeddable":true,"href":"https:\/\/www.hiinakiirtoit.ee\/en\/wp-json\/wp\/v2\/product_tag?post=16392"}],"curies":[{"name":"wp","href":"https:\/\/api.w.org\/{rel}","templated":true}]}}