{"id":16391,"date":"2022-12-13T09:19:54","date_gmt":"2022-12-13T07:19:54","guid":{"rendered":"https:\/\/www.hiinakiirtoit.ee\/product\/61-krobedad-koogiviljad-lai-stiilis\/"},"modified":"2025-08-09T10:35:06","modified_gmt":"2025-08-09T08:35:06","slug":"61-krobedad-koogiviljad-lai-stiilis","status":"publish","type":"product","link":"https:\/\/www.hiinakiirtoit.ee\/en\/product\/61-krobedad-koogiviljad-lai-stiilis\/","title":{"rendered":"61. Kr\u00f5bedad k\u00f6\u00f6giviljad Lai stiilis  \ud83c\udf36"},"content":{"rendered":"<p>Kr\u00f5bedaks praetud k\u00f6\u00f6giviljad spetsiaalses t\u0161illi kastmes.<\/p>\n","protected":false},"excerpt":{"rendered":"<p>Kr\u00f5bedaks praetud k\u00f6\u00f6giviljad spetsiaalses t\u0161illi kastmes.<\/p>\n","protected":false},"featured_media":15675,"comment_status":"closed","ping_status":"closed","template":"","meta":[],"product_cat":[535,557],"product_tag":[730],"_links":{"self":[{"href":"https:\/\/www.hiinakiirtoit.ee\/en\/wp-json\/wp\/v2\/product\/16391"}],"collection":[{"href":"https:\/\/www.hiinakiirtoit.ee\/en\/wp-json\/wp\/v2\/product"}],"about":[{"href":"https:\/\/www.hiinakiirtoit.ee\/en\/wp-json\/wp\/v2\/types\/product"}],"replies":[{"embeddable":true,"href":"https:\/\/www.hiinakiirtoit.ee\/en\/wp-json\/wp\/v2\/comments?post=16391"}],"wp:featuredmedia":[{"embeddable":true,"href":"https:\/\/www.hiinakiirtoit.ee\/en\/wp-json\/wp\/v2\/media\/15675"}],"wp:attachment":[{"href":"https:\/\/www.hiinakiirtoit.ee\/en\/wp-json\/wp\/v2\/media?parent=16391"}],"wp:term":[{"taxonomy":"product_cat","embeddable":true,"href":"https:\/\/www.hiinakiirtoit.ee\/en\/wp-json\/wp\/v2\/product_cat?post=16391"},{"taxonomy":"product_tag","embeddable":true,"href":"https:\/\/www.hiinakiirtoit.ee\/en\/wp-json\/wp\/v2\/product_tag?post=16391"}],"curies":[{"name":"wp","href":"https:\/\/api.w.org\/{rel}","templated":true}]}}