{"id":16381,"date":"2022-12-13T09:19:54","date_gmt":"2022-12-13T07:19:54","guid":{"rendered":"https:\/\/www.hiinakiirtoit.ee\/product\/80-fish-tikka-masala\/"},"modified":"2025-08-09T10:33:27","modified_gmt":"2025-08-09T08:33:27","slug":"80-fish-tikka-masala","status":"publish","type":"product","link":"https:\/\/www.hiinakiirtoit.ee\/en\/product\/80-fish-tikka-masala\/","title":{"rendered":"80. Fish Tikka masala  \ud83c\udf36"},"content":{"rendered":"<p>K\u00fcpsetatud l\u00f5hefileet\u00fckid valmistatud kreemjas tomatikastmes koos v\u00fcrtside ning \u00fcrtidega. Aurutatud riisiga.<\/p>\n","protected":false},"excerpt":{"rendered":"<p>K\u00fcpsetatud l\u00f5hefileet\u00fckid valmistatud kreemjas tomatikastmes koos v\u00fcrtside ning \u00fcrtidega. Aurutatud riisiga.<\/p>\n","protected":false},"featured_media":0,"comment_status":"closed","ping_status":"closed","template":"","meta":[],"product_cat":[560,575],"product_tag":[722],"_links":{"self":[{"href":"https:\/\/www.hiinakiirtoit.ee\/en\/wp-json\/wp\/v2\/product\/16381"}],"collection":[{"href":"https:\/\/www.hiinakiirtoit.ee\/en\/wp-json\/wp\/v2\/product"}],"about":[{"href":"https:\/\/www.hiinakiirtoit.ee\/en\/wp-json\/wp\/v2\/types\/product"}],"replies":[{"embeddable":true,"href":"https:\/\/www.hiinakiirtoit.ee\/en\/wp-json\/wp\/v2\/comments?post=16381"}],"wp:attachment":[{"href":"https:\/\/www.hiinakiirtoit.ee\/en\/wp-json\/wp\/v2\/media?parent=16381"}],"wp:term":[{"taxonomy":"product_cat","embeddable":true,"href":"https:\/\/www.hiinakiirtoit.ee\/en\/wp-json\/wp\/v2\/product_cat?post=16381"},{"taxonomy":"product_tag","embeddable":true,"href":"https:\/\/www.hiinakiirtoit.ee\/en\/wp-json\/wp\/v2\/product_tag?post=16381"}],"curies":[{"name":"wp","href":"https:\/\/api.w.org\/{rel}","templated":true}]}}