{"id":16374,"date":"2022-12-13T09:19:56","date_gmt":"2022-12-13T07:19:56","guid":{"rendered":"https:\/\/www.hiinakiirtoit.ee\/product\/98-lambalihakarri\/"},"modified":"2025-08-09T10:28:15","modified_gmt":"2025-08-09T08:28:15","slug":"98-lambalihakarri","status":"publish","type":"product","link":"https:\/\/www.hiinakiirtoit.ee\/en\/product\/98-lambalihakarri\/","title":{"rendered":"98. Lambalihakarri"},"content":{"rendered":"<p>Kookospiima, seente, bambusev\u00f5rsete ja Teiepooltvalitudkarriga k\u00fcpsetatud \u00f5rn lambaliha, maitsestatud sidrunilehtede ja k\u00fc\u00fcslauguga.<\/p>\n<p>&nbsp;<\/p>\n","protected":false},"excerpt":{"rendered":"<p>Kookospiima, seente, bambusev\u00f5rsete ja Teiepooltvalitudkarriga k\u00fcpsetatud \u00f5rn lambaliha, maitsestatud sidrunilehtede ja k\u00fc\u00fcslauguga. &nbsp;<\/p>\n","protected":false},"featured_media":0,"comment_status":"closed","ping_status":"closed","template":"","meta":[],"product_cat":[567,565],"product_tag":[715],"_links":{"self":[{"href":"https:\/\/www.hiinakiirtoit.ee\/en\/wp-json\/wp\/v2\/product\/16374"}],"collection":[{"href":"https:\/\/www.hiinakiirtoit.ee\/en\/wp-json\/wp\/v2\/product"}],"about":[{"href":"https:\/\/www.hiinakiirtoit.ee\/en\/wp-json\/wp\/v2\/types\/product"}],"replies":[{"embeddable":true,"href":"https:\/\/www.hiinakiirtoit.ee\/en\/wp-json\/wp\/v2\/comments?post=16374"}],"wp:attachment":[{"href":"https:\/\/www.hiinakiirtoit.ee\/en\/wp-json\/wp\/v2\/media?parent=16374"}],"wp:term":[{"taxonomy":"product_cat","embeddable":true,"href":"https:\/\/www.hiinakiirtoit.ee\/en\/wp-json\/wp\/v2\/product_cat?post=16374"},{"taxonomy":"product_tag","embeddable":true,"href":"https:\/\/www.hiinakiirtoit.ee\/en\/wp-json\/wp\/v2\/product_tag?post=16374"}],"curies":[{"name":"wp","href":"https:\/\/api.w.org\/{rel}","templated":true}]}}