{"id":16372,"date":"2022-12-13T09:19:56","date_gmt":"2022-12-13T07:19:56","guid":{"rendered":"https:\/\/www.hiinakiirtoit.ee\/product\/99-sealihakarri\/"},"modified":"2025-08-09T10:28:27","modified_gmt":"2025-08-09T08:28:27","slug":"99-sealihakarri","status":"publish","type":"product","link":"https:\/\/www.hiinakiirtoit.ee\/en\/product\/99-sealihakarri\/","title":{"rendered":"99. Sealihakarri"},"content":{"rendered":"<p>Kookospiima, seente, bambusev\u00f5rsete ja Teie poolt valitud karriga k\u00fcpsetatud sealiha, maitsestatud sidrunilehtede ja k\u00fc\u00fcslauguga.<\/p>\n<p>&nbsp;<\/p>\n","protected":false},"excerpt":{"rendered":"<p>Kookospiima, seente, bambusev\u00f5rsete ja Teie poolt valitud karriga k\u00fcpsetatud sealiha, maitsestatud sidrunilehtede ja k\u00fc\u00fcslauguga. &nbsp;<\/p>\n","protected":false},"featured_media":0,"comment_status":"closed","ping_status":"closed","template":"","meta":[],"product_cat":[567,565],"product_tag":[713],"_links":{"self":[{"href":"https:\/\/www.hiinakiirtoit.ee\/en\/wp-json\/wp\/v2\/product\/16372"}],"collection":[{"href":"https:\/\/www.hiinakiirtoit.ee\/en\/wp-json\/wp\/v2\/product"}],"about":[{"href":"https:\/\/www.hiinakiirtoit.ee\/en\/wp-json\/wp\/v2\/types\/product"}],"replies":[{"embeddable":true,"href":"https:\/\/www.hiinakiirtoit.ee\/en\/wp-json\/wp\/v2\/comments?post=16372"}],"wp:attachment":[{"href":"https:\/\/www.hiinakiirtoit.ee\/en\/wp-json\/wp\/v2\/media?parent=16372"}],"wp:term":[{"taxonomy":"product_cat","embeddable":true,"href":"https:\/\/www.hiinakiirtoit.ee\/en\/wp-json\/wp\/v2\/product_cat?post=16372"},{"taxonomy":"product_tag","embeddable":true,"href":"https:\/\/www.hiinakiirtoit.ee\/en\/wp-json\/wp\/v2\/product_tag?post=16372"}],"curies":[{"name":"wp","href":"https:\/\/api.w.org\/{rel}","templated":true}]}}