{"id":16352,"date":"2022-12-13T09:19:56","date_gmt":"2022-12-13T07:19:56","guid":{"rendered":"https:\/\/www.hiinakiirtoit.ee\/product\/82-aloo-baingan\/"},"modified":"2025-08-09T10:28:42","modified_gmt":"2025-08-09T08:28:42","slug":"82-aloo-baingan","status":"publish","type":"product","link":"https:\/\/www.hiinakiirtoit.ee\/en\/product\/82-aloo-baingan\/","title":{"rendered":"82. Aloo-Baingan  \ud83c\udf36"},"content":{"rendered":"<p>Kartulikuubikud ja bakla\u017eaank\u00fcpsetatud paprika, tomati,<br \/>\nsibula ja v\u00fcrtsidega. Aurutatud riisiga.<\/p>\n","protected":false},"excerpt":{"rendered":"<p>Kartulikuubikud ja bakla\u017eaank\u00fcpsetatud paprika, tomati, sibula ja v\u00fcrtsidega. Aurutatud riisiga.<\/p>\n","protected":false},"featured_media":15606,"comment_status":"closed","ping_status":"closed","template":"","meta":[],"product_cat":[560,571],"product_tag":[689],"_links":{"self":[{"href":"https:\/\/www.hiinakiirtoit.ee\/en\/wp-json\/wp\/v2\/product\/16352"}],"collection":[{"href":"https:\/\/www.hiinakiirtoit.ee\/en\/wp-json\/wp\/v2\/product"}],"about":[{"href":"https:\/\/www.hiinakiirtoit.ee\/en\/wp-json\/wp\/v2\/types\/product"}],"replies":[{"embeddable":true,"href":"https:\/\/www.hiinakiirtoit.ee\/en\/wp-json\/wp\/v2\/comments?post=16352"}],"wp:featuredmedia":[{"embeddable":true,"href":"https:\/\/www.hiinakiirtoit.ee\/en\/wp-json\/wp\/v2\/media\/15606"}],"wp:attachment":[{"href":"https:\/\/www.hiinakiirtoit.ee\/en\/wp-json\/wp\/v2\/media?parent=16352"}],"wp:term":[{"taxonomy":"product_cat","embeddable":true,"href":"https:\/\/www.hiinakiirtoit.ee\/en\/wp-json\/wp\/v2\/product_cat?post=16352"},{"taxonomy":"product_tag","embeddable":true,"href":"https:\/\/www.hiinakiirtoit.ee\/en\/wp-json\/wp\/v2\/product_tag?post=16352"}],"curies":[{"name":"wp","href":"https:\/\/api.w.org\/{rel}","templated":true}]}}