{"id":16349,"date":"2022-12-13T09:19:56","date_gmt":"2022-12-13T07:19:56","guid":{"rendered":"https:\/\/www.hiinakiirtoit.ee\/product\/85-vegetable-curry\/"},"modified":"2025-08-09T10:26:31","modified_gmt":"2025-08-09T08:26:31","slug":"85-vegetable-curry","status":"publish","type":"product","link":"https:\/\/www.hiinakiirtoit.ee\/en\/product\/85-vegetable-curry\/","title":{"rendered":"85. Vegetable Curry"},"content":{"rendered":"<p>K\u00f6\u00f6giviljade segu \u00f5rnas India karrikastmes. Aurutatud riisiga.<\/p>\n","protected":false},"excerpt":{"rendered":"<p>K\u00f6\u00f6giviljade segu \u00f5rnas India karrikastmes. Aurutatud riisiga.<\/p>\n","protected":false},"featured_media":0,"comment_status":"closed","ping_status":"closed","template":"","meta":[],"product_cat":[560,571],"product_tag":[688],"_links":{"self":[{"href":"https:\/\/www.hiinakiirtoit.ee\/en\/wp-json\/wp\/v2\/product\/16349"}],"collection":[{"href":"https:\/\/www.hiinakiirtoit.ee\/en\/wp-json\/wp\/v2\/product"}],"about":[{"href":"https:\/\/www.hiinakiirtoit.ee\/en\/wp-json\/wp\/v2\/types\/product"}],"replies":[{"embeddable":true,"href":"https:\/\/www.hiinakiirtoit.ee\/en\/wp-json\/wp\/v2\/comments?post=16349"}],"wp:attachment":[{"href":"https:\/\/www.hiinakiirtoit.ee\/en\/wp-json\/wp\/v2\/media?parent=16349"}],"wp:term":[{"taxonomy":"product_cat","embeddable":true,"href":"https:\/\/www.hiinakiirtoit.ee\/en\/wp-json\/wp\/v2\/product_cat?post=16349"},{"taxonomy":"product_tag","embeddable":true,"href":"https:\/\/www.hiinakiirtoit.ee\/en\/wp-json\/wp\/v2\/product_tag?post=16349"}],"curies":[{"name":"wp","href":"https:\/\/api.w.org\/{rel}","templated":true}]}}