{"id":16346,"date":"2022-12-13T09:19:56","date_gmt":"2022-12-13T07:19:56","guid":{"rendered":"https:\/\/www.hiinakiirtoit.ee\/product\/86-dal-makhani\/"},"modified":"2025-08-09T10:26:42","modified_gmt":"2025-08-09T08:26:42","slug":"86-dal-makhani","status":"publish","type":"product","link":"https:\/\/www.hiinakiirtoit.ee\/en\/product\/86-dal-makhani\/","title":{"rendered":"86. Dal Makhani  \ud83c\udf36"},"content":{"rendered":"<p>L\u00e4\u00e4tsed ja aedoad valmistatud koduses stiilis koos veidikese koore,<br \/>\nsibula, k\u00fc\u00fcslaugu, ingveri, \u00fcrtide ja v\u00fcrtsidega.<\/p>\n<p>Aurutatud riisiga.<\/p>\n","protected":false},"excerpt":{"rendered":"<p>L\u00e4\u00e4tsed ja aedoad valmistatud koduses stiilis koos veidikese koore, sibula, k\u00fc\u00fcslaugu, ingveri, \u00fcrtide ja v\u00fcrtsidega. Aurutatud riisiga.<\/p>\n","protected":false},"featured_media":0,"comment_status":"closed","ping_status":"closed","template":"","meta":[],"product_cat":[560,571],"product_tag":[685],"_links":{"self":[{"href":"https:\/\/www.hiinakiirtoit.ee\/en\/wp-json\/wp\/v2\/product\/16346"}],"collection":[{"href":"https:\/\/www.hiinakiirtoit.ee\/en\/wp-json\/wp\/v2\/product"}],"about":[{"href":"https:\/\/www.hiinakiirtoit.ee\/en\/wp-json\/wp\/v2\/types\/product"}],"replies":[{"embeddable":true,"href":"https:\/\/www.hiinakiirtoit.ee\/en\/wp-json\/wp\/v2\/comments?post=16346"}],"wp:attachment":[{"href":"https:\/\/www.hiinakiirtoit.ee\/en\/wp-json\/wp\/v2\/media?parent=16346"}],"wp:term":[{"taxonomy":"product_cat","embeddable":true,"href":"https:\/\/www.hiinakiirtoit.ee\/en\/wp-json\/wp\/v2\/product_cat?post=16346"},{"taxonomy":"product_tag","embeddable":true,"href":"https:\/\/www.hiinakiirtoit.ee\/en\/wp-json\/wp\/v2\/product_tag?post=16346"}],"curies":[{"name":"wp","href":"https:\/\/api.w.org\/{rel}","templated":true}]}}