{"id":16344,"date":"2022-12-13T09:19:56","date_gmt":"2022-12-13T07:19:56","guid":{"rendered":"https:\/\/www.hiinakiirtoit.ee\/product\/87-tadka-dal\/"},"modified":"2025-08-09T10:26:51","modified_gmt":"2025-08-09T08:26:51","slug":"87-tadka-dal","status":"publish","type":"product","link":"https:\/\/www.hiinakiirtoit.ee\/en\/product\/87-tadka-dal\/","title":{"rendered":"87. Tadka Dal  \ud83c\udf36"},"content":{"rendered":"<p>Roosad pehmed poolitatud l\u00e4\u00e4tsed koos sibula, k\u00fc\u00fcslaugu, ingveri ja v\u00fcrtsidega. Aurutatud riisiga.<\/p>\n","protected":false},"excerpt":{"rendered":"<p>Roosad pehmed poolitatud l\u00e4\u00e4tsed koos sibula, k\u00fc\u00fcslaugu, ingveri ja v\u00fcrtsidega. Aurutatud riisiga.<\/p>\n","protected":false},"featured_media":0,"comment_status":"closed","ping_status":"closed","template":"","meta":[],"product_cat":[560,571],"product_tag":[657],"_links":{"self":[{"href":"https:\/\/www.hiinakiirtoit.ee\/en\/wp-json\/wp\/v2\/product\/16344"}],"collection":[{"href":"https:\/\/www.hiinakiirtoit.ee\/en\/wp-json\/wp\/v2\/product"}],"about":[{"href":"https:\/\/www.hiinakiirtoit.ee\/en\/wp-json\/wp\/v2\/types\/product"}],"replies":[{"embeddable":true,"href":"https:\/\/www.hiinakiirtoit.ee\/en\/wp-json\/wp\/v2\/comments?post=16344"}],"wp:attachment":[{"href":"https:\/\/www.hiinakiirtoit.ee\/en\/wp-json\/wp\/v2\/media?parent=16344"}],"wp:term":[{"taxonomy":"product_cat","embeddable":true,"href":"https:\/\/www.hiinakiirtoit.ee\/en\/wp-json\/wp\/v2\/product_cat?post=16344"},{"taxonomy":"product_tag","embeddable":true,"href":"https:\/\/www.hiinakiirtoit.ee\/en\/wp-json\/wp\/v2\/product_tag?post=16344"}],"curies":[{"name":"wp","href":"https:\/\/api.w.org\/{rel}","templated":true}]}}