{"id":16341,"date":"2022-12-13T09:19:56","date_gmt":"2022-12-13T07:19:56","guid":{"rendered":"https:\/\/www.hiinakiirtoit.ee\/product\/90-masala-naan\/"},"modified":"2025-08-09T10:27:13","modified_gmt":"2025-08-09T08:27:13","slug":"90-masala-naan","status":"publish","type":"product","link":"https:\/\/www.hiinakiirtoit.ee\/en\/product\/90-masala-naan\/","title":{"rendered":"90. Masala Naan"},"content":{"rendered":"<p>Indialeib v\u00fcrtsika kartuli- ja oat\u00e4idisega ning k\u00fcpsetatud tandoori ahjus.<\/p>\n","protected":false},"excerpt":{"rendered":"<p>Indialeib v\u00fcrtsika kartuli- ja oat\u00e4idisega ning k\u00fcpsetatud tandoori ahjus.<\/p>\n","protected":false},"featured_media":0,"comment_status":"closed","ping_status":"closed","template":"","meta":[],"product_cat":[560,653],"product_tag":[654],"_links":{"self":[{"href":"https:\/\/www.hiinakiirtoit.ee\/en\/wp-json\/wp\/v2\/product\/16341"}],"collection":[{"href":"https:\/\/www.hiinakiirtoit.ee\/en\/wp-json\/wp\/v2\/product"}],"about":[{"href":"https:\/\/www.hiinakiirtoit.ee\/en\/wp-json\/wp\/v2\/types\/product"}],"replies":[{"embeddable":true,"href":"https:\/\/www.hiinakiirtoit.ee\/en\/wp-json\/wp\/v2\/comments?post=16341"}],"wp:attachment":[{"href":"https:\/\/www.hiinakiirtoit.ee\/en\/wp-json\/wp\/v2\/media?parent=16341"}],"wp:term":[{"taxonomy":"product_cat","embeddable":true,"href":"https:\/\/www.hiinakiirtoit.ee\/en\/wp-json\/wp\/v2\/product_cat?post=16341"},{"taxonomy":"product_tag","embeddable":true,"href":"https:\/\/www.hiinakiirtoit.ee\/en\/wp-json\/wp\/v2\/product_tag?post=16341"}],"curies":[{"name":"wp","href":"https:\/\/api.w.org\/{rel}","templated":true}]}}