{"id":16334,"date":"2022-12-13T09:19:59","date_gmt":"2022-12-13T07:19:59","guid":{"rendered":"https:\/\/www.hiinakiirtoit.ee\/product\/001-chow-king-nuudel\/"},"modified":"2025-08-09T10:24:36","modified_gmt":"2025-08-09T08:24:36","slug":"001-chow-king-nuudel","status":"publish","type":"product","link":"https:\/\/www.hiinakiirtoit.ee\/en\/product\/001-chow-king-nuudel\/","title":{"rendered":"001. Chow King nuudel"},"content":{"rendered":"<p>Nuudlid seente, sibula, k\u00fc\u00fcslaugu, porru, krevettide, kanaliha ja k\u00f6\u00f6giviljadega.<\/p>\n","protected":false},"excerpt":{"rendered":"<p>Nuudlid seente, sibula, k\u00fc\u00fcslaugu, porru, krevettide, kanaliha ja k\u00f6\u00f6giviljadega.<\/p>\n","protected":false},"featured_media":0,"comment_status":"closed","ping_status":"closed","template":"","meta":[],"product_cat":[535,545],"product_tag":[678],"_links":{"self":[{"href":"https:\/\/www.hiinakiirtoit.ee\/en\/wp-json\/wp\/v2\/product\/16334"}],"collection":[{"href":"https:\/\/www.hiinakiirtoit.ee\/en\/wp-json\/wp\/v2\/product"}],"about":[{"href":"https:\/\/www.hiinakiirtoit.ee\/en\/wp-json\/wp\/v2\/types\/product"}],"replies":[{"embeddable":true,"href":"https:\/\/www.hiinakiirtoit.ee\/en\/wp-json\/wp\/v2\/comments?post=16334"}],"wp:attachment":[{"href":"https:\/\/www.hiinakiirtoit.ee\/en\/wp-json\/wp\/v2\/media?parent=16334"}],"wp:term":[{"taxonomy":"product_cat","embeddable":true,"href":"https:\/\/www.hiinakiirtoit.ee\/en\/wp-json\/wp\/v2\/product_cat?post=16334"},{"taxonomy":"product_tag","embeddable":true,"href":"https:\/\/www.hiinakiirtoit.ee\/en\/wp-json\/wp\/v2\/product_tag?post=16334"}],"curies":[{"name":"wp","href":"https:\/\/api.w.org\/{rel}","templated":true}]}}