{"id":16326,"date":"2022-12-13T09:19:59","date_gmt":"2022-12-13T07:19:59","guid":{"rendered":"https:\/\/www.hiinakiirtoit.ee\/product\/25-riisinuudlid-koogiviljadega\/"},"modified":"2025-08-09T10:24:57","modified_gmt":"2025-08-09T08:24:57","slug":"25-riisinuudlid-koogiviljadega","status":"publish","type":"product","link":"https:\/\/www.hiinakiirtoit.ee\/en\/product\/25-riisinuudlid-koogiviljadega\/","title":{"rendered":"25. Riisinuudlid k\u00f6\u00f6giviljadega"},"content":{"rendered":"<p>Wokitud riisinuudlid k\u00f6\u00f6giviljadega.<\/p>\n","protected":false},"excerpt":{"rendered":"<p>Wokitud riisinuudlid k\u00f6\u00f6giviljadega.<\/p>\n","protected":false},"featured_media":15951,"comment_status":"closed","ping_status":"closed","template":"","meta":[],"product_cat":[535,545],"product_tag":[676],"_links":{"self":[{"href":"https:\/\/www.hiinakiirtoit.ee\/en\/wp-json\/wp\/v2\/product\/16326"}],"collection":[{"href":"https:\/\/www.hiinakiirtoit.ee\/en\/wp-json\/wp\/v2\/product"}],"about":[{"href":"https:\/\/www.hiinakiirtoit.ee\/en\/wp-json\/wp\/v2\/types\/product"}],"replies":[{"embeddable":true,"href":"https:\/\/www.hiinakiirtoit.ee\/en\/wp-json\/wp\/v2\/comments?post=16326"}],"wp:featuredmedia":[{"embeddable":true,"href":"https:\/\/www.hiinakiirtoit.ee\/en\/wp-json\/wp\/v2\/media\/15951"}],"wp:attachment":[{"href":"https:\/\/www.hiinakiirtoit.ee\/en\/wp-json\/wp\/v2\/media?parent=16326"}],"wp:term":[{"taxonomy":"product_cat","embeddable":true,"href":"https:\/\/www.hiinakiirtoit.ee\/en\/wp-json\/wp\/v2\/product_cat?post=16326"},{"taxonomy":"product_tag","embeddable":true,"href":"https:\/\/www.hiinakiirtoit.ee\/en\/wp-json\/wp\/v2\/product_tag?post=16326"}],"curies":[{"name":"wp","href":"https:\/\/api.w.org\/{rel}","templated":true}]}}