{"id":16302,"date":"2022-12-13T09:19:59","date_gmt":"2022-12-13T07:19:59","guid":{"rendered":"https:\/\/www.hiinakiirtoit.ee\/product\/4-kevadrullid-erineva-lihaga\/"},"modified":"2025-08-09T10:22:57","modified_gmt":"2025-08-09T08:22:57","slug":"4-kevadrullid-erineva-lihaga","status":"publish","type":"product","link":"https:\/\/www.hiinakiirtoit.ee\/en\/product\/4-kevadrullid-erineva-lihaga\/","title":{"rendered":"4. Kevadrullid erineva lihaga"},"content":{"rendered":"<p>Kr\u00f5bedaks k\u00fcpsetatud ning pannkoogi sisse keeratud k\u00f6\u00f6giviljad kana ja krevettidega, terava- v\u00f5i magushapu kastmega.<\/p>\n","protected":false},"excerpt":{"rendered":"<p>Kr\u00f5bedaks k\u00fcpsetatud ning pannkoogi sisse keeratud k\u00f6\u00f6giviljad kana ja krevettidega, terava- v\u00f5i magushapu kastmega.<\/p>\n","protected":false},"featured_media":15693,"comment_status":"closed","ping_status":"closed","template":"","meta":[],"product_cat":[535,537],"product_tag":[665],"_links":{"self":[{"href":"https:\/\/www.hiinakiirtoit.ee\/en\/wp-json\/wp\/v2\/product\/16302"}],"collection":[{"href":"https:\/\/www.hiinakiirtoit.ee\/en\/wp-json\/wp\/v2\/product"}],"about":[{"href":"https:\/\/www.hiinakiirtoit.ee\/en\/wp-json\/wp\/v2\/types\/product"}],"replies":[{"embeddable":true,"href":"https:\/\/www.hiinakiirtoit.ee\/en\/wp-json\/wp\/v2\/comments?post=16302"}],"wp:featuredmedia":[{"embeddable":true,"href":"https:\/\/www.hiinakiirtoit.ee\/en\/wp-json\/wp\/v2\/media\/15693"}],"wp:attachment":[{"href":"https:\/\/www.hiinakiirtoit.ee\/en\/wp-json\/wp\/v2\/media?parent=16302"}],"wp:term":[{"taxonomy":"product_cat","embeddable":true,"href":"https:\/\/www.hiinakiirtoit.ee\/en\/wp-json\/wp\/v2\/product_cat?post=16302"},{"taxonomy":"product_tag","embeddable":true,"href":"https:\/\/www.hiinakiirtoit.ee\/en\/wp-json\/wp\/v2\/product_tag?post=16302"}],"curies":[{"name":"wp","href":"https:\/\/api.w.org\/{rel}","templated":true}]}}