{"id":16292,"date":"2022-12-13T09:20:02","date_gmt":"2022-12-13T07:20:02","guid":{"rendered":"https:\/\/www.hiinakiirtoit.ee\/product\/73-terav-kanaroog\/"},"modified":"2025-08-09T10:21:10","modified_gmt":"2025-08-09T08:21:10","slug":"73-terav-kanaroog","status":"publish","type":"product","link":"https:\/\/www.hiinakiirtoit.ee\/en\/product\/73-terav-kanaroog\/","title":{"rendered":"73. Terav kanaroog"},"content":{"rendered":"<p>Kana, riis, muna, k\u00f6\u00f6giviljad, ingver, k\u00fc\u00fcslauk, karri, t\u0161illi.<\/p>\n","protected":false},"excerpt":{"rendered":"<p>Kana, riis, muna, k\u00f6\u00f6giviljad, ingver, k\u00fc\u00fcslauk, karri, t\u0161illi.<\/p>\n","protected":false},"featured_media":0,"comment_status":"closed","ping_status":"closed","template":"","meta":[],"product_cat":[560,562],"product_tag":[660],"_links":{"self":[{"href":"https:\/\/www.hiinakiirtoit.ee\/en\/wp-json\/wp\/v2\/product\/16292"}],"collection":[{"href":"https:\/\/www.hiinakiirtoit.ee\/en\/wp-json\/wp\/v2\/product"}],"about":[{"href":"https:\/\/www.hiinakiirtoit.ee\/en\/wp-json\/wp\/v2\/types\/product"}],"replies":[{"embeddable":true,"href":"https:\/\/www.hiinakiirtoit.ee\/en\/wp-json\/wp\/v2\/comments?post=16292"}],"wp:attachment":[{"href":"https:\/\/www.hiinakiirtoit.ee\/en\/wp-json\/wp\/v2\/media?parent=16292"}],"wp:term":[{"taxonomy":"product_cat","embeddable":true,"href":"https:\/\/www.hiinakiirtoit.ee\/en\/wp-json\/wp\/v2\/product_cat?post=16292"},{"taxonomy":"product_tag","embeddable":true,"href":"https:\/\/www.hiinakiirtoit.ee\/en\/wp-json\/wp\/v2\/product_tag?post=16292"}],"curies":[{"name":"wp","href":"https:\/\/api.w.org\/{rel}","templated":true}]}}