{"id":16264,"date":"2022-12-13T09:20:02","date_gmt":"2022-12-13T07:20:02","guid":{"rendered":"https:\/\/www.hiinakiirtoit.ee\/product\/7-vurtsikad-friikartulid\/"},"modified":"2025-08-09T10:19:08","modified_gmt":"2025-08-09T08:19:08","slug":"7-vurtsikad-friikartulid","status":"publish","type":"product","link":"https:\/\/www.hiinakiirtoit.ee\/en\/product\/7-vurtsikad-friikartulid\/","title":{"rendered":"7. V\u00fcrtsikad friikartulid  \ud83c\udf36"},"content":{"rendered":"<p>Kr\u00f5bedaks praetud kartulid ingveri-k\u00fc\u00fcslauguga, sibula ja t\u0161illiga.<\/p>\n","protected":false},"excerpt":{"rendered":"<p>Kr\u00f5bedaks praetud kartulid ingveri-k\u00fc\u00fcslauguga, sibula ja t\u0161illiga.<\/p>\n","protected":false},"featured_media":16077,"comment_status":"closed","ping_status":"closed","template":"","meta":[],"product_cat":[535,537],"product_tag":[639],"_links":{"self":[{"href":"https:\/\/www.hiinakiirtoit.ee\/en\/wp-json\/wp\/v2\/product\/16264"}],"collection":[{"href":"https:\/\/www.hiinakiirtoit.ee\/en\/wp-json\/wp\/v2\/product"}],"about":[{"href":"https:\/\/www.hiinakiirtoit.ee\/en\/wp-json\/wp\/v2\/types\/product"}],"replies":[{"embeddable":true,"href":"https:\/\/www.hiinakiirtoit.ee\/en\/wp-json\/wp\/v2\/comments?post=16264"}],"wp:featuredmedia":[{"embeddable":true,"href":"https:\/\/www.hiinakiirtoit.ee\/en\/wp-json\/wp\/v2\/media\/16077"}],"wp:attachment":[{"href":"https:\/\/www.hiinakiirtoit.ee\/en\/wp-json\/wp\/v2\/media?parent=16264"}],"wp:term":[{"taxonomy":"product_cat","embeddable":true,"href":"https:\/\/www.hiinakiirtoit.ee\/en\/wp-json\/wp\/v2\/product_cat?post=16264"},{"taxonomy":"product_tag","embeddable":true,"href":"https:\/\/www.hiinakiirtoit.ee\/en\/wp-json\/wp\/v2\/product_tag?post=16264"}],"curies":[{"name":"wp","href":"https:\/\/api.w.org\/{rel}","templated":true}]}}